{"id":12954,"date":"2020-08-27T08:23:10","date_gmt":"2020-08-27T08:23:10","guid":{"rendered":"https:\/\/fpcpharmacy.com\/?page_id=12954"},"modified":"2026-01-14T20:09:46","modified_gmt":"2026-01-14T20:09:46","slug":"politica-de-privacidad","status":"publish","type":"page","link":"https:\/\/fpcpharmacy.com\/es\/politica-de-privacidad\/","title":{"rendered":"Pol\u00edtica de privacidad"},"content":{"rendered":"<div data-elementor-type=\"wp-page\" data-elementor-id=\"12954\" class=\"elementor elementor-12954\">\n\t\t\t\t\t\t<section class=\"elementor-section elementor-top-section elementor-element elementor-element-445a583d elementor-section-boxed elementor-section-height-default elementor-section-height-default sc_fly_static\" data-id=\"445a583d\" data-element_type=\"section\" data-settings=\"{&quot;background_background&quot;:&quot;classic&quot;}\">\n\t\t\t\t\t\t<div class=\"elementor-container elementor-column-gap-extended\">\n\t\t\t\t\t<div class=\"elementor-column elementor-col-100 elementor-top-column elementor-element elementor-element-54bb7839 sc_content_align_inherit sc_layouts_column_icons_position_left sc_fly_static\" data-id=\"54bb7839\" data-element_type=\"column\">\n\t\t\t<div class=\"elementor-widget-wrap elementor-element-populated\">\n\t\t\t\t\t\t<div class=\"elementor-element elementor-element-4cf95326 sc_fly_static elementor-widget elementor-widget-text-editor\" data-id=\"4cf95326\" data-element_type=\"widget\" data-widget_type=\"text-editor.default\">\n\t\t\t\t<div class=\"elementor-widget-container\">\n\t\t\t\t\t\t\t\t\t<h1 data-start=\"593\" data-end=\"609\">Pol\u00edtica de privacidad<\/h1>\n<p data-start=\"611\" data-end=\"644\"><strong data-start=\"611\" data-end=\"630\">Fecha de entrada en vigor:<\/strong> Enero de 2026<\/p>\n<p data-start=\"646\" data-end=\"886\"><span class=\"hover:entity-accent entity-underline inline cursor-pointer align-baseline\"><span class=\"whitespace-normal\">Centro de Farmacia Familiar<\/span><\/span> (\"nosotros\", \"nuestro\" o \"nos\") se compromete a respetar su privacidad. Esta pol\u00edtica de privacidad explica c\u00f3mo recopilamos, utilizamos y protegemos la informaci\u00f3n personal obtenida a trav\u00e9s de nuestro sitio web y nuestras comunicaciones en l\u00ednea.<\/p>\n<hr data-start=\"888\" data-end=\"891\">\n<h5 data-start=\"893\" data-end=\"920\">1. \u00c1mbito de este sitio web<\/h5>\n<p data-start=\"922\" data-end=\"1009\">Este sitio web est\u00e1 destinado a <strong data-start=\"951\" data-end=\"1008\">\u00fanicamente con fines informativos y de comunicaci\u00f3n<\/strong>.<\/p>\n<p data-start=\"1011\" data-end=\"1187\"><strong data-start=\"1011\" data-end=\"1187\">El sitio web no est\u00e1 dise\u00f1ado para recoger, almacenar o transmitir informaci\u00f3n sanitaria protegida (PHI), datos de recetas, informaci\u00f3n sobre seguros u otros datos m\u00e9dicos sensibles.<\/strong><\/p>\n<p data-start=\"1189\" data-end=\"1321\">Para servicios de prescripci\u00f3n, preguntas m\u00e9dicas o asuntos sanitarios privados, p\u00f3ngase en contacto con nosotros por tel\u00e9fono o visite nuestra farmacia en persona.<\/p>\n<hr data-start=\"1323\" data-end=\"1326\">\n<h5 data-start=\"1328\" data-end=\"1356\">2. Informaci\u00f3n que recopilamos<\/h5>\n<p data-start=\"1358\" data-end=\"1399\">Cuando utiliza nuestro sitio web, podemos recopilar:<\/p>\n<h3 data-start=\"1401\" data-end=\"1443\">a. Informaci\u00f3n que usted facilita voluntariamente<\/h3>\n<ul data-start=\"1444\" data-end=\"1540\">\n<li data-start=\"1444\" data-end=\"1452\">\n<p data-start=\"1446\" data-end=\"1452\">Nombre<\/p>\n<\/li>\n<li data-start=\"1453\" data-end=\"1469\">\n<p data-start=\"1455\" data-end=\"1469\">N\u00famero de tel\u00e9fono<\/p>\n<\/li>\n<li data-start=\"1470\" data-end=\"1487\">\n<p data-start=\"1472\" data-end=\"1487\">Direcci\u00f3n de correo electr\u00f3nico<\/p>\n<\/li>\n<li data-start=\"1488\" data-end=\"1540\">\n<p data-start=\"1490\" data-end=\"1540\">Mensajes generales enviados a trav\u00e9s de formularios de contacto<\/p>\n<\/li>\n<\/ul>\n<h3 data-start=\"1542\" data-end=\"1584\">b. Informaci\u00f3n recopilada autom\u00e1ticamente<\/h3>\n<ul data-start=\"1585\" data-end=\"1684\">\n<li data-start=\"1585\" data-end=\"1599\">\n<p data-start=\"1587\" data-end=\"1599\">Direcci\u00f3n IP<\/p>\n<\/li>\n<li data-start=\"1600\" data-end=\"1639\">\n<p data-start=\"1602\" data-end=\"1639\">Tipo de navegador e informaci\u00f3n del dispositivo<\/p>\n<\/li>\n<li data-start=\"1640\" data-end=\"1684\">\n<p data-start=\"1642\" data-end=\"1684\">P\u00e1ginas visitadas y tiempo pasado en el sitio<\/p>\n<\/li>\n<\/ul>\n<p data-start=\"1686\" data-end=\"1767\">Esta informaci\u00f3n nos ayuda a responder a las consultas y a mejorar la funcionalidad del sitio web.<\/p>\n<hr data-start=\"1769\" data-end=\"1772\">\n<h5 data-start=\"1774\" data-end=\"1813\">3. Qu\u00e9 hacemos <strong data-start=\"1791\" data-end=\"1798\">No<\/strong> Recopilar en l\u00ednea<\/h5>\n<p data-start=\"1815\" data-end=\"1872\">Lo hacemos <strong data-start=\"1821\" data-end=\"1850\">no recoger intencionadamente<\/strong> a trav\u00e9s de este sitio web:<\/p>\n<ul data-start=\"1873\" data-end=\"2022\">\n<li data-start=\"1873\" data-end=\"1901\">\n<p data-start=\"1875\" data-end=\"1901\">Informaci\u00f3n sobre la prescripci\u00f3n<\/p>\n<\/li>\n<li data-start=\"1902\" data-end=\"1937\">\n<p data-start=\"1904\" data-end=\"1937\">Enfermedades o diagn\u00f3sticos<\/p>\n<\/li>\n<li data-start=\"1938\" data-end=\"1969\">\n<p data-start=\"1940\" data-end=\"1969\">N\u00fameros de seguro o p\u00f3liza<\/p>\n<\/li>\n<li data-start=\"1970\" data-end=\"1993\">\n<p data-start=\"1972\" data-end=\"1993\">Informaci\u00f3n de pago<\/p>\n<\/li>\n<li data-start=\"1994\" data-end=\"2022\">\n<p data-start=\"1996\" data-end=\"2022\">Historiales o expedientes de pacientes<\/p>\n<\/li>\n<\/ul>\n<p data-start=\"2024\" data-end=\"2105\">Por favor <strong data-start=\"2034\" data-end=\"2041\">no<\/strong> enviar este tipo de informaci\u00f3n a trav\u00e9s de los formularios del sitio web o por correo electr\u00f3nico.<\/p>\n<hr data-start=\"2107\" data-end=\"2110\">\n<h5 data-start=\"2112\" data-end=\"2140\">4. C\u00f3mo utilizamos la informaci\u00f3n<\/h5>\n<p data-start=\"2142\" data-end=\"2174\">Utilizamos la informaci\u00f3n recopilada para:<\/p>\n<ul data-start=\"2175\" data-end=\"2359\">\n<li data-start=\"2175\" data-end=\"2221\">\n<p data-start=\"2177\" data-end=\"2221\">Responder a preguntas y consultas generales<\/p>\n<\/li>\n<li data-start=\"2222\" data-end=\"2283\">\n<p data-start=\"2224\" data-end=\"2283\">Proporcionar atenci\u00f3n al cliente e informaci\u00f3n relacionada con la farmacia<\/p>\n<\/li>\n<li data-start=\"2284\" data-end=\"2329\">\n<p data-start=\"2286\" data-end=\"2329\">Mejorar el rendimiento y la usabilidad del sitio web<\/p>\n<\/li>\n<li data-start=\"2330\" data-end=\"2359\">\n<p data-start=\"2332\" data-end=\"2359\">Mantener la seguridad del sitio web<\/p>\n<\/li>\n<\/ul>\n<p data-start=\"2361\" data-end=\"2426\">No utilizamos los datos del sitio web para la toma automatizada de decisiones m\u00e9dicas.<\/p>\n<hr data-start=\"2428\" data-end=\"2431\">\n<h5 data-start=\"2433\" data-end=\"2458\">5. 5. Cookies y an\u00e1lisis<\/h5>\n<p data-start=\"2460\" data-end=\"2515\">Nuestro sitio web puede utilizar cookies o tecnolog\u00edas similares para:<\/p>\n<ul data-start=\"2516\" data-end=\"2584\">\n<li data-start=\"2516\" data-end=\"2556\">\n<p data-start=\"2518\" data-end=\"2556\">Comprender el tr\u00e1fico y el uso del sitio web<\/p>\n<\/li>\n<li data-start=\"2557\" data-end=\"2584\">\n<p data-start=\"2559\" data-end=\"2584\">Mejorar la experiencia del usuario<\/p>\n<\/li>\n<\/ul>\n<p data-start=\"2586\" data-end=\"2686\">Puede desactivar las cookies en la configuraci\u00f3n de su navegador, aunque es posible que algunas funciones no funcionen como es debido.<\/p>\n<hr data-start=\"2688\" data-end=\"2691\">\n<h5 data-start=\"2693\" data-end=\"2718\">6. 6. Intercambio de informaci\u00f3n<\/h5>\n<p data-start=\"2720\" data-end=\"2781\">Lo hacemos <strong data-start=\"2726\" data-end=\"2733\">no<\/strong> vender, alquilar o intercambiar su informaci\u00f3n personal.<\/p>\n<p data-start=\"2783\" data-end=\"2816\">Podemos compartir informaci\u00f3n limitada:<\/p>\n<ul data-start=\"2817\" data-end=\"2962\">\n<li data-start=\"2817\" data-end=\"2875\">\n<p data-start=\"2819\" data-end=\"2875\">Con proveedores de servicios que ayudan en el funcionamiento del sitio web<\/p>\n<\/li>\n<li data-start=\"2876\" data-end=\"2915\">\n<p data-start=\"2878\" data-end=\"2915\">Si lo exige la ley o un procedimiento judicial<\/p>\n<\/li>\n<li data-start=\"2916\" data-end=\"2962\">\n<p data-start=\"2918\" data-end=\"2962\">Para proteger nuestros derechos, seguridad o propiedad<\/p>\n<\/li>\n<\/ul>\n<p data-start=\"2964\" data-end=\"3033\">Todos los proveedores de servicios est\u00e1n obligados a tratar la informaci\u00f3n de manera responsable.<\/p>\n<hr data-start=\"3035\" data-end=\"3038\">\n<h5 data-start=\"3040\" data-end=\"3059\">7. 7. Seguridad de los datos<\/h5>\n<p data-start=\"3061\" data-end=\"3249\">Tomamos medidas administrativas y t\u00e9cnicas razonables para proteger la informaci\u00f3n personal enviada a trav\u00e9s del sitio web. Sin embargo, no se puede garantizar que un sistema en l\u00ednea sea completamente seguro.<\/p>\n<p data-start=\"3251\" data-end=\"3335\">Animamos a los usuarios <strong data-start=\"3270\" data-end=\"3334\">no transmitir informaci\u00f3n sensible o confidencial en l\u00ednea<\/strong>.<\/p>\n<hr data-start=\"3337\" data-end=\"3340\">\n<h5 data-start=\"3342\" data-end=\"3373\">8. Derechos de privacidad en California<\/h5>\n<p data-start=\"3375\" data-end=\"3577\">Los residentes en California pueden tener derechos en relaci\u00f3n con su informaci\u00f3n personal, incluido el derecho a solicitar el acceso o la eliminaci\u00f3n de la informaci\u00f3n recopilada a trav\u00e9s de este sitio web, con sujeci\u00f3n a la legislaci\u00f3n aplicable.<\/p>\n<p data-start=\"3579\" data-end=\"3641\">Las solicitudes pueden enviarse utilizando la informaci\u00f3n de contacto que figura a continuaci\u00f3n.<\/p>\n<hr data-start=\"3643\" data-end=\"3646\">\n<h5 data-start=\"3648\" data-end=\"3671\">9. Enlaces de terceros<\/h5>\n<p data-start=\"3673\" data-end=\"3872\">Nuestro sitio web puede contener enlaces a sitios web de terceros o a plataformas de redes sociales (como Facebook, LinkedIn o Instagram). No somos responsables de las pr\u00e1cticas de privacidad ni del contenido de esos sitios externos.<\/p>\n<hr data-start=\"3874\" data-end=\"3877\">\n<h5 data-start=\"3879\" data-end=\"3904\">10. Privacidad de los ni\u00f1os<\/h5>\n<p data-start=\"3906\" data-end=\"4032\">Este sitio web no est\u00e1 destinado a ni\u00f1os menores de 13 a\u00f1os. No recopilamos conscientemente informaci\u00f3n personal de ni\u00f1os.<\/p>\n<hr data-start=\"4034\" data-end=\"4037\">\n<h5 data-start=\"4039\" data-end=\"4068\">11. Cambios en esta pol\u00edtica<\/h5>\n<p data-start=\"4070\" data-end=\"4183\">Podemos actualizar esta Pol\u00edtica de Privacidad en cualquier momento. Las actualizaciones se publicar\u00e1n en esta p\u00e1gina con una fecha de entrada en vigor revisada.<\/p>\n<hr data-start=\"4185\" data-end=\"4188\">\n<h5 data-start=\"4190\" data-end=\"4216\">12. Informaci\u00f3n de contacto<\/h5>\n<p data-start=\"4218\" data-end=\"4310\">Si tiene alguna pregunta sobre esta Pol\u00edtica de privacidad o sobre las pr\u00e1cticas de nuestro sitio web, p\u00f3ngase en contacto con nosotros:<\/p>\n<p data-start=\"4312\" data-end=\"4459\"><strong data-start=\"4312\" data-end=\"4338\">Centro de Farmacia Familiar<\/strong><br data-start=\"4338\" data-end=\"4341\">220 W Main St, Suite 102<br data-start=\"4365\" data-end=\"4368\">El Caj\u00f3n, CA 92020<br data-start=\"4386\" data-end=\"4389\"><img decoding=\"async\" draggable=\"false\" role=\"img\" class=\"emoji\" alt=\"\ud83d\udcde\" src=\"https:\/\/s.w.org\/images\/core\/emoji\/17.0.2\/svg\/1f4de.svg\"> (619) 383-6788<br data-start=\"4406\" data-end=\"4409\"><img decoding=\"async\" draggable=\"false\" role=\"img\" class=\"emoji\" alt=\"\ud83d\udce7\" src=\"https:\/\/s.w.org\/images\/core\/emoji\/17.0.2\/svg\/1f4e7.svg\"> <a class=\"decorated-link cursor-pointer\" rel=\"noopener\" data-start=\"4412\" data-end=\"4432\">info@fpcpharmacy.com<\/a><br data-start=\"4432\" data-end=\"4435\"><img decoding=\"async\" draggable=\"false\" role=\"img\" class=\"emoji\" alt=\"\ud83c\udf10\" src=\"https:\/\/s.w.org\/images\/core\/emoji\/17.0.2\/svg\/1f310.svg\"> <a class=\"decorated-link\" href=\"https:\/\/fpcpharmacy.com\/es\/\" target=\"_new\" rel=\"noopener\" data-start=\"4438\" data-end=\"4457\">www.fpcpharmacy.com<\/a><\/p>\t\t\t\t\t\t\t\t<\/div>\n\t\t\t\t<\/div>\n\t\t\t\t\t<\/div>\n\t\t<\/div>\n\t\t\t\t\t<\/div>\n\t\t<\/section>\n\t\t\t\t<\/div>","protected":false},"excerpt":{"rendered":"<p>Privacy Policy Effective Date: January 2026 Family Pharmacy Center (\u201cwe,\u201d \u201cour,\u201d or \u201cus\u201d) is committed to respecting your privacy. This Privacy Policy explains how we collect, use, and protect personal&hellip;<\/p>","protected":false},"author":1,"featured_media":0,"parent":0,"menu_order":0,"comment_status":"closed","ping_status":"closed","template":"","meta":{"footnotes":""},"class_list":["post-12954","page","type-page","status-publish","hentry"],"_links":{"self":[{"href":"https:\/\/fpcpharmacy.com\/es\/wp-json\/wp\/v2\/pages\/12954","targetHints":{"allow":["GET"]}}],"collection":[{"href":"https:\/\/fpcpharmacy.com\/es\/wp-json\/wp\/v2\/pages"}],"about":[{"href":"https:\/\/fpcpharmacy.com\/es\/wp-json\/wp\/v2\/types\/page"}],"author":[{"embeddable":true,"href":"https:\/\/fpcpharmacy.com\/es\/wp-json\/wp\/v2\/users\/1"}],"replies":[{"embeddable":true,"href":"https:\/\/fpcpharmacy.com\/es\/wp-json\/wp\/v2\/comments?post=12954"}],"version-history":[{"count":3,"href":"https:\/\/fpcpharmacy.com\/es\/wp-json\/wp\/v2\/pages\/12954\/revisions"}],"predecessor-version":[{"id":66295,"href":"https:\/\/fpcpharmacy.com\/es\/wp-json\/wp\/v2\/pages\/12954\/revisions\/66295"}],"wp:attachment":[{"href":"https:\/\/fpcpharmacy.com\/es\/wp-json\/wp\/v2\/media?parent=12954"}],"curies":[{"name":"wp","href":"https:\/\/api.w.org\/{rel}","templated":true}]}}