{"id":66113,"date":"2025-11-20T06:27:55","date_gmt":"2025-11-20T06:27:55","guid":{"rendered":"https:\/\/fpcpharmacy.com\/"},"modified":"2026-01-14T17:46:29","modified_gmt":"2026-01-14T17:46:29","slug":"carreras","status":"publish","type":"page","link":"https:\/\/fpcpharmacy.com\/es\/carreras\/","title":{"rendered":"Carreras profesionales"},"content":{"rendered":"<div data-elementor-type=\"wp-page\" data-elementor-id=\"66113\" class=\"elementor elementor-66113\">\n\t\t\t\t\t\t<section class=\"elementor-section elementor-top-section elementor-element elementor-element-58fb17b elementor-section-boxed elementor-section-height-default elementor-section-height-default sc_fly_static\" data-id=\"58fb17b\" data-element_type=\"section\">\n\t\t\t\t\t\t<div class=\"elementor-container elementor-column-gap-extended\">\n\t\t\t\t\t<div class=\"elementor-column elementor-col-100 elementor-top-column elementor-element elementor-element-a2bf569 sc_content_align_inherit sc_layouts_column_icons_position_left sc_fly_static\" data-id=\"a2bf569\" data-element_type=\"column\">\n\t\t\t<div class=\"elementor-widget-wrap elementor-element-populated\">\n\t\t\t\t\t\t<div class=\"elementor-element elementor-element-77f3bd1 sc_height_huge sc_fly_static elementor-widget elementor-widget-spacer\" data-id=\"77f3bd1\" data-element_type=\"widget\" data-widget_type=\"spacer.default\">\n\t\t\t\t<div class=\"elementor-widget-container\">\n\t\t\t\t\t\t\t<div class=\"elementor-spacer\">\n\t\t\t<div class=\"elementor-spacer-inner\"><\/div>\n\t\t<\/div>\n\t\t\t\t\t\t<\/div>\n\t\t\t\t<\/div>\n\t\t\t\t<div class=\"elementor-element elementor-element-06db9fa sc_layouts_hide_on_notebook sc_layouts_hide_on_tablet sc_layouts_hide_on_mobile sc_fly_static elementor-widget elementor-widget-spacer\" data-id=\"06db9fa\" data-element_type=\"widget\" data-widget_type=\"spacer.default\">\n\t\t\t\t<div class=\"elementor-widget-container\">\n\t\t\t\t\t\t\t<div class=\"elementor-spacer\">\n\t\t\t<div class=\"elementor-spacer-inner\"><\/div>\n\t\t<\/div>\n\t\t\t\t\t\t<\/div>\n\t\t\t\t<\/div>\n\t\t\t\t\t<\/div>\n\t\t<\/div>\n\t\t\t\t\t<\/div>\n\t\t<\/section>\n\t\t\t\t<section data-animation-type=\"sequental\" data-animation-stagger=\"\" class=\"elementor-section elementor-top-section elementor-element elementor-element-82360be animation_type_sequental elementor-section-boxed elementor-section-height-default elementor-section-height-default sc_fly_static elementor-invisible\" data-id=\"82360be\" data-element_type=\"section\" data-settings=\"{&quot;animation&quot;:&quot;orpheus-fadeinup&quot;,&quot;animation_delay&quot;:100}\">\n\t\t\t\t\t\t<div class=\"elementor-container elementor-column-gap-extended\">\n\t\t\t\t\t<div class=\"elementor-column elementor-col-50 elementor-top-column elementor-element elementor-element-13c027c sc_column_fixed sc_content_align_inherit sc_layouts_column_icons_position_left sc_fly_static\" data-id=\"13c027c\" data-element_type=\"column\">\n\t\t\t<div class=\"elementor-widget-wrap elementor-element-populated\">\n\t\t\t\t\t\t<div class=\"elementor-element elementor-element-2b992f7 sc_layouts_hide_on_mobile sc_fly_static elementor-widget elementor-widget-spacer\" data-id=\"2b992f7\" data-element_type=\"widget\" data-widget_type=\"spacer.default\">\n\t\t\t\t<div class=\"elementor-widget-container\">\n\t\t\t\t\t\t\t<div class=\"elementor-spacer\">\n\t\t\t<div class=\"elementor-spacer-inner\"><\/div>\n\t\t<\/div>\n\t\t\t\t\t\t<\/div>\n\t\t\t\t<\/div>\n\t\t\t\t<div class=\"elementor-element elementor-element-f500b79 sc_fly_static elementor-widget elementor-widget-image\" data-id=\"f500b79\" data-element_type=\"widget\" data-widget_type=\"image.default\">\n\t\t\t\t<div class=\"elementor-widget-container\">\n\t\t\t\t\t\t\t\t\t\t\t\t\t\t\t<img fetchpriority=\"high\" decoding=\"async\" width=\"1536\" height=\"1024\" src=\"https:\/\/fpcpharmacy.com\/wp-content\/uploads\/2026\/01\/careers-family-pharmacy.png\" class=\"attachment-full size-full wp-image-66282\" alt=\"carreras-familia-farmacia\" srcset=\"https:\/\/fpcpharmacy.com\/wp-content\/uploads\/2026\/01\/careers-family-pharmacy.png 1536w, https:\/\/fpcpharmacy.com\/wp-content\/uploads\/2026\/01\/careers-family-pharmacy-300x200.png 300w, https:\/\/fpcpharmacy.com\/wp-content\/uploads\/2026\/01\/careers-family-pharmacy-1024x683.png 1024w, https:\/\/fpcpharmacy.com\/wp-content\/uploads\/2026\/01\/careers-family-pharmacy-768x512.png 768w, https:\/\/fpcpharmacy.com\/wp-content\/uploads\/2026\/01\/careers-family-pharmacy-18x12.png 18w, https:\/\/fpcpharmacy.com\/wp-content\/uploads\/2026\/01\/careers-family-pharmacy-370x247.png 370w, https:\/\/fpcpharmacy.com\/wp-content\/uploads\/2026\/01\/careers-family-pharmacy-840x560.png 840w, https:\/\/fpcpharmacy.com\/wp-content\/uploads\/2026\/01\/careers-family-pharmacy-410x273.png 410w, https:\/\/fpcpharmacy.com\/wp-content\/uploads\/2026\/01\/careers-family-pharmacy-750x500.png 750w\" sizes=\"(max-width: 1536px) 100vw, 1536px\" \/>\t\t\t\t\t\t\t\t\t\t\t\t\t\t\t<\/div>\n\t\t\t\t<\/div>\n\t\t\t\t\t<\/div>\n\t\t<\/div>\n\t\t\t\t<div class=\"elementor-column elementor-col-50 elementor-top-column elementor-element elementor-element-c2372e3 sc_content_align_inherit sc_layouts_column_icons_position_left sc_fly_static\" data-id=\"c2372e3\" data-element_type=\"column\">\n\t\t\t<div class=\"elementor-widget-wrap elementor-element-populated\">\n\t\t\t\t\t\t<div class=\"elementor-element elementor-element-974cdf4 sc_fly_static elementor-widget elementor-widget-spacer\" data-id=\"974cdf4\" data-element_type=\"widget\" data-widget_type=\"spacer.default\">\n\t\t\t\t<div class=\"elementor-widget-container\">\n\t\t\t\t\t\t\t<div class=\"elementor-spacer\">\n\t\t\t<div class=\"elementor-spacer-inner\"><\/div>\n\t\t<\/div>\n\t\t\t\t\t\t<\/div>\n\t\t\t\t<\/div>\n\t\t\t\t<div class=\"elementor-element elementor-element-14683c8 sc_fly_static elementor-widget elementor-widget-trx_sc_title\" data-id=\"14683c8\" data-element_type=\"widget\" data-widget_type=\"trx_sc_title.default\">\n\t\t\t\t<div class=\"elementor-widget-container\">\n\t\t\t\t\t<div\t\tclass=\"sc_title sc_title_default\" ><span class=\"sc_item_subtitle sc_title_subtitle sc_item_subtitle_above sc_item_title_style_default\">\u00danase a nuestro excepcional equipo<\/span><h1 class=\"sc_item_title sc_title_title sc_item_title_style_default sc_item_title_tag\"\n\t\t\t><span class=\"sc_item_title_text\">Explore las oportunidades actuales<\/span><\/h1><\/div>\t\t\t\t<\/div>\n\t\t\t\t<\/div>\n\t\t\t\t<div class=\"elementor-element elementor-element-c7728a8 sc_fly_static elementor-widget elementor-widget-spacer\" data-id=\"c7728a8\" data-element_type=\"widget\" data-widget_type=\"spacer.default\">\n\t\t\t\t<div class=\"elementor-widget-container\">\n\t\t\t\t\t\t\t<div class=\"elementor-spacer\">\n\t\t\t<div class=\"elementor-spacer-inner\"><\/div>\n\t\t<\/div>\n\t\t\t\t\t\t<\/div>\n\t\t\t\t<\/div>\n\t\t\t\t<div class=\"elementor-element elementor-element-b8d2acd sc_fly_static elementor-widget elementor-widget-text-editor\" data-id=\"b8d2acd\" data-element_type=\"widget\" data-widget_type=\"text-editor.default\">\n\t\t\t\t<div class=\"elementor-widget-container\">\n\t\t\t\t\t\t\t\t\t<p data-start=\"275\" data-end=\"355\">En <strong data-start=\"278\" data-end=\"297\">Farmacia familiar<\/strong>no s\u00f3lo aceptas un trabajo, sino que te unes a una misi\u00f3n.<\/p><p data-start=\"392\" data-end=\"579\">Nuestro equipo desempe\u00f1a un papel vital en el apoyo a las comunidades de atenci\u00f3n a largo plazo, ayud\u00e1ndoles a gestionar los costes de farmacia al tiempo que ofrece un servicio fiable y personalizado que destaca en el sector.<\/p><p data-start=\"581\" data-end=\"901\">Family Pharmacy se basa en algo m\u00e1s que recetas y entregas: nos basamos en las personas. Cuando entras a formar parte de nuestra organizaci\u00f3n, te unes a un grupo de profesionales dedicados que se preocupan de verdad por nuestros clientes, nuestros socios y los dem\u00e1s. Creemos en ofrecer un apoyo real, una comunicaci\u00f3n real y un valor real.<\/p><p data-start=\"903\" data-end=\"1171\">Aqu\u00ed nunca ser\u00e1s una cara m\u00e1s entre la multitud. Nos enorgullecemos de tener un lugar de trabajo c\u00e1lido y colaborativo en el que cada voz cuenta. Esa sensaci\u00f3n de confianza y conexi\u00f3n se extiende m\u00e1s all\u00e1 de nuestros equipos internos y fortalece las relaciones que establecemos con las instalaciones a las que prestamos servicio.<\/p><p data-start=\"1173\" data-end=\"1278\">\u00bfListo para llevar tu talento a un lugar donde tu trabajo tiene un prop\u00f3sito y tus contribuciones son apreciadas?<\/p>\t\t\t\t\t\t\t\t<\/div>\n\t\t\t\t<\/div>\n\t\t\t\t<div class=\"elementor-element elementor-element-9c8dffc sc_fly_static elementor-widget elementor-widget-spacer\" data-id=\"9c8dffc\" data-element_type=\"widget\" data-widget_type=\"spacer.default\">\n\t\t\t\t<div class=\"elementor-widget-container\">\n\t\t\t\t\t\t\t<div class=\"elementor-spacer\">\n\t\t\t<div class=\"elementor-spacer-inner\"><\/div>\n\t\t<\/div>\n\t\t\t\t\t\t<\/div>\n\t\t\t\t<\/div>\n\t\t\t\t<div class=\"elementor-element elementor-element-fefe2db elementor-widget__width-auto elementor-view-default sc_fly_static elementor-widget elementor-widget-icon\" data-id=\"fefe2db\" data-element_type=\"widget\" data-widget_type=\"icon.default\">\n\t\t\t\t<div class=\"elementor-widget-container\">\n\t\t\t\t\t\t\t<div class=\"elementor-icon-wrapper\">\n\t\t\t<div class=\"elementor-icon\">\n\t\t\t<svg xmlns=\"http:\/\/www.w3.org\/2000\/svg\" width=\"20\" height=\"28\" viewbox=\"0 0 20 28\" fill=\"none\"><path d=\"M9.99219 24.696L9.99219 1.00005\" stroke=\"#090116\" stroke-width=\"1.6\" stroke-linecap=\"round\"><\/path><path d=\"M19 17.0508L10 26L1 17.0508\" stroke=\"#090116\" stroke-width=\"1.6\" stroke-linecap=\"round\"><\/path><\/svg>\t\t\t<\/div>\n\t\t<\/div>\n\t\t\t\t\t\t<\/div>\n\t\t\t\t<\/div>\n\t\t\t\t\t<\/div>\n\t\t<\/div>\n\t\t\t\t\t<\/div>\n\t\t<\/section>\n\t\t\t\t<section class=\"elementor-section elementor-top-section elementor-element elementor-element-f3a11a1 elementor-section-boxed elementor-section-height-default elementor-section-height-default sc_fly_static\" data-id=\"f3a11a1\" data-element_type=\"section\">\n\t\t\t\t\t\t<div class=\"elementor-container elementor-column-gap-extended\">\n\t\t\t\t\t<div class=\"elementor-column elementor-col-100 elementor-top-column elementor-element elementor-element-7e61dd7 sc_content_align_inherit sc_layouts_column_icons_position_left sc_fly_static\" data-id=\"7e61dd7\" data-element_type=\"column\">\n\t\t\t<div class=\"elementor-widget-wrap elementor-element-populated\">\n\t\t\t\t\t\t<div class=\"elementor-element elementor-element-a3f7465 sc_height_huge sc_fly_static elementor-widget elementor-widget-spacer\" data-id=\"a3f7465\" data-element_type=\"widget\" data-widget_type=\"spacer.default\">\n\t\t\t\t<div class=\"elementor-widget-container\">\n\t\t\t\t\t\t\t<div class=\"elementor-spacer\">\n\t\t\t<div class=\"elementor-spacer-inner\"><\/div>\n\t\t<\/div>\n\t\t\t\t\t\t<\/div>\n\t\t\t\t<\/div>\n\t\t\t\t<div class=\"elementor-element elementor-element-86a36ab sc_layouts_hide_on_notebook sc_layouts_hide_on_tablet sc_layouts_hide_on_mobile sc_fly_static elementor-widget elementor-widget-spacer\" data-id=\"86a36ab\" data-element_type=\"widget\" data-widget_type=\"spacer.default\">\n\t\t\t\t<div class=\"elementor-widget-container\">\n\t\t\t\t\t\t\t<div class=\"elementor-spacer\">\n\t\t\t<div class=\"elementor-spacer-inner\"><\/div>\n\t\t<\/div>\n\t\t\t\t\t\t<\/div>\n\t\t\t\t<\/div>\n\t\t\t\t\t<\/div>\n\t\t<\/div>\n\t\t\t\t\t<\/div>\n\t\t<\/section>\n\t\t\t\t<section class=\"elementor-section elementor-top-section elementor-element elementor-element-77be0c4 elementor-section-content-middle elementor-section-boxed elementor-section-height-default elementor-section-height-default sc_fly_static\" data-id=\"77be0c4\" data-element_type=\"section\" id=\"formLoc\">\n\t\t\t\t\t\t<div class=\"elementor-container elementor-column-gap-extended\">\n\t\t\t\t\t<div class=\"elementor-column elementor-col-50 elementor-top-column elementor-element elementor-element-89b2f84 sc_content_align_inherit sc_layouts_column_icons_position_left sc_fly_static\" data-id=\"89b2f84\" data-element_type=\"column\">\n\t\t\t<div class=\"elementor-widget-wrap elementor-element-populated\">\n\t\t\t\t\t\t<section class=\"elementor-section elementor-inner-section elementor-element elementor-element-7ba6570 elementor-section-boxed elementor-section-height-default elementor-section-height-default sc_fly_static\" data-id=\"7ba6570\" data-element_type=\"section\" data-settings=\"{&quot;background_background&quot;:&quot;classic&quot;}\">\n\t\t\t\t\t\t<div class=\"elementor-container elementor-column-gap-no\">\n\t\t\t\t\t<div class=\"elementor-column elementor-col-100 elementor-inner-column elementor-element elementor-element-4e22f97 scheme_default sc_content_align_inherit sc_layouts_column_icons_position_left sc_fly_static\" data-id=\"4e22f97\" data-element_type=\"column\">\n\t\t\t<div class=\"elementor-widget-wrap elementor-element-populated\">\n\t\t\t\t\t\t<div class=\"elementor-element elementor-element-2c60703 sc_height_huge sc_fly_static elementor-widget elementor-widget-spacer\" data-id=\"2c60703\" data-element_type=\"widget\" data-widget_type=\"spacer.default\">\n\t\t\t\t<div class=\"elementor-widget-container\">\n\t\t\t\t\t\t\t<div class=\"elementor-spacer\">\n\t\t\t<div class=\"elementor-spacer-inner\"><\/div>\n\t\t<\/div>\n\t\t\t\t\t\t<\/div>\n\t\t\t\t<\/div>\n\t\t\t\t<div class=\"elementor-element elementor-element-b52945a sc_fly_static elementor-widget elementor-widget-trx_sc_title\" data-id=\"b52945a\" data-element_type=\"widget\" data-widget_type=\"trx_sc_title.default\">\n\t\t\t\t<div class=\"elementor-widget-container\">\n\t\t\t\t\t<div\t\tclass=\"sc_title sc_title_default\" ><h2 class=\"sc_item_title sc_title_title sc_item_title_style_default\"\n\t\t\t><span class=\"sc_item_title_text\">Env\u00edenos un mensaje<\/span><\/h2><\/div>\t\t\t\t<\/div>\n\t\t\t\t<\/div>\n\t\t\t\t<div class=\"elementor-element elementor-element-7bcf2dc sc_fly_static elementor-widget elementor-widget-spacer\" data-id=\"7bcf2dc\" data-element_type=\"widget\" data-widget_type=\"spacer.default\">\n\t\t\t\t<div class=\"elementor-widget-container\">\n\t\t\t\t\t\t\t<div class=\"elementor-spacer\">\n\t\t\t<div class=\"elementor-spacer-inner\"><\/div>\n\t\t<\/div>\n\t\t\t\t\t\t<\/div>\n\t\t\t\t<\/div>\n\t\t\t\t<div class=\"elementor-element elementor-element-db2b022 sc_fly_static elementor-widget elementor-widget-trx_sc_contact_form_7\" data-id=\"db2b022\" data-element_type=\"widget\" data-widget_type=\"trx_sc_contact_form_7.default\">\n\t\t\t\t<div class=\"elementor-widget-container\">\n\t\t\t\t\t\n<div class=\"wpcf7 no-js\" id=\"wpcf7-f1334-o1\" lang=\"en-US\" dir=\"ltr\" data-wpcf7-id=\"1334\">\n<div class=\"screen-reader-response\"><p role=\"status\" aria-live=\"polite\" aria-atomic=\"true\"><\/p> <ul><\/ul><\/div>\n<form action=\"\/es\/wp-json\/wp\/v2\/pages\/66113#wpcf7-f1334-o1\" method=\"post\" class=\"wpcf7-form init\" aria-label=\"Formulario de contacto\" novalidate=\"novalidate\" data-status=\"init\" data-trp-original-action=\"\/es\/wp-json\/wp\/v2\/pages\/66113#wpcf7-f1334-o1\">\n<fieldset class=\"hidden-fields-container\"><input type=\"hidden\" name=\"_wpcf7\" value=\"1334\" \/><input type=\"hidden\" name=\"_wpcf7_version\" value=\"6.1.4\" \/><input type=\"hidden\" name=\"_wpcf7_locale\" value=\"en_US\" \/><input type=\"hidden\" name=\"_wpcf7_unit_tag\" value=\"wpcf7-f1334-o1\" \/><input type=\"hidden\" name=\"_wpcf7_container_post\" value=\"0\" \/><input type=\"hidden\" name=\"_wpcf7_posted_data_hash\" value=\"\" \/><input type=\"hidden\" name=\"_wpcf7_recaptcha_response\" value=\"\" \/>\n<\/fieldset>\n<div class=\"form-style-5\">\n\t<div class=\"columns_wrap\">\n\t\t<div class=\"column-1_1\">\n\t\t\t<p><span class=\"style-line icon-name\"><span class=\"wpcf7-form-control-wrap\" data-name=\"your-name\"><input size=\"40\" maxlength=\"400\" class=\"wpcf7-form-control wpcf7-text wpcf7-validates-as-required\" aria-required=\"true\" aria-invalid=\"false\" placeholder=\"Nombre\" value=\"\" type=\"text\" name=\"your-name\" \/><\/span><\/span>\n\t\t\t<\/p>\n\t\t<\/div>\n\t\t<div class=\"column-1_1\">\n\t\t\t<p><span class=\"style-line icon-email\"><span class=\"wpcf7-form-control-wrap\" data-name=\"your-email\"><input size=\"40\" maxlength=\"400\" class=\"wpcf7-form-control wpcf7-email wpcf7-validates-as-required wpcf7-text wpcf7-validates-as-email\" aria-required=\"true\" aria-invalid=\"false\" placeholder=\"Direcci\u00f3n de correo electr\u00f3nico\" value=\"\" type=\"email\" name=\"your-email\" \/><\/span><\/span>\n\t\t\t<\/p>\n\t\t<\/div>\n\t\t<div class=\"column-1_1\">\n\t\t\t<p><span class=\"style-line icon-textarea\"><span class=\"wpcf7-form-control-wrap\" data-name=\"your-message\"><textarea cols=\"40\" rows=\"10\" maxlength=\"2000\" class=\"wpcf7-form-control wpcf7-textarea wpcf7-validates-as-required\" aria-required=\"true\" aria-invalid=\"false\" placeholder=\"\u00bfEn qu\u00e9 podemos ayudarle? No dude en ponerse en contacto con nosotros.\" name=\"your-message\"><\/textarea><\/span><\/span>\n\t\t\t<\/p>\n\t\t<\/div>\n\t<\/div>\n\t<p><span class=\"wpcf7-form-control-wrap\" data-name=\"acceptance\"><span class=\"wpcf7-form-control wpcf7-acceptance\"><span class=\"wpcf7-list-item\"><label><input type=\"checkbox\" name=\"acceptance\" value=\"1\" aria-invalid=\"false\" \/><span class=\"wpcf7-list-item-label\">Acepto que los datos que he enviado <a href=\"\/es\/politica-de-privacidad\/\">recogidos y almacenados<\/a>.<\/span><\/label><\/span><\/span><\/span><input class=\"wpcf7-form-control wpcf7-submit has-spinner\" type=\"submit\" value=\"P\u00f3ngase en contacto\" \/>\n\t<\/p>\n<\/div><div class=\"wpcf7-response-output\" aria-hidden=\"true\"><\/div>\n<input type=\"hidden\" name=\"trp-form-language\" value=\"es\"\/><\/form>\n<\/div>\n\t\t\t\t<\/div>\n\t\t\t\t<\/div>\n\t\t\t\t<div class=\"elementor-element elementor-element-e5306c8 sc_height_huge sc_fly_static elementor-widget elementor-widget-spacer\" data-id=\"e5306c8\" data-element_type=\"widget\" data-widget_type=\"spacer.default\">\n\t\t\t\t<div class=\"elementor-widget-container\">\n\t\t\t\t\t\t\t<div class=\"elementor-spacer\">\n\t\t\t<div class=\"elementor-spacer-inner\"><\/div>\n\t\t<\/div>\n\t\t\t\t\t\t<\/div>\n\t\t\t\t<\/div>\n\t\t\t\t\t<\/div>\n\t\t<\/div>\n\t\t\t\t\t<\/div>\n\t\t<\/section>\n\t\t\t\t\t<\/div>\n\t\t<\/div>\n\t\t\t\t<div class=\"elementor-column elementor-col-50 elementor-top-column elementor-element elementor-element-a220473 sc_content_align_inherit sc_layouts_column_icons_position_left sc_fly_static\" data-id=\"a220473\" data-element_type=\"column\">\n\t\t\t<div class=\"elementor-widget-wrap elementor-element-populated\">\n\t\t\t\t\t\t<div class=\"elementor-element elementor-element-91c9a1a elementor-widget__width-initial sc_fly_static elementor-widget elementor-widget-trx_sc_title\" data-id=\"91c9a1a\" data-element_type=\"widget\" data-widget_type=\"trx_sc_title.default\">\n\t\t\t\t<div class=\"elementor-widget-container\">\n\t\t\t\t\t<div\t\tclass=\"sc_title sc_title_default\" ><span class=\"sc_item_subtitle sc_title_subtitle sc_item_subtitle_above sc_item_title_style_default\">\u00bfTiene alguna pregunta sobre c\u00f3mo unirse a Family Pharmacy?<\/span><h1 class=\"sc_item_title sc_title_title sc_item_title_style_default sc_item_title_tag\"\n\t\t\t><span class=\"sc_item_title_text\">Contacte con nuestro equipo de contrataci\u00f3n<\/span><\/h1><div class=\"sc_item_descr sc_title_descr\"><p>Ponerse en contacto con nosotros es muy sencillo.<\/p>\n<p>Ll\u00e1manos al <b>619-334-2224<\/b>env\u00edenos un correo electr\u00f3nico a <b>fp1@fpcpharmacy.com<\/b>o utilice el formulario de contacto para enviarnos un mensaje.<\/p>\n<p>Ya se trate de transferir recetas, organizar la entrega o simplemente buscar orientaci\u00f3n, nos comprometemos a responder r\u00e1pidamente y con la atenci\u00f3n que se merece.<\/p>\n<p><b>Su salud es nuestra prioridad, y cada conversaci\u00f3n es un paso hacia una mejor atenci\u00f3n.<\/b><\/p>\n<\/div><\/div>\t\t\t\t<\/div>\n\t\t\t\t<\/div>\n\t\t\t\t<div class=\"elementor-element elementor-element-aba0c53 sc_fly_static elementor-widget elementor-widget-spacer\" data-id=\"aba0c53\" data-element_type=\"widget\" data-widget_type=\"spacer.default\">\n\t\t\t\t<div class=\"elementor-widget-container\">\n\t\t\t\t\t\t\t<div class=\"elementor-spacer\">\n\t\t\t<div class=\"elementor-spacer-inner\"><\/div>\n\t\t<\/div>\n\t\t\t\t\t\t<\/div>\n\t\t\t\t<\/div>\n\t\t\t\t\t<\/div>\n\t\t<\/div>\n\t\t\t\t\t<\/div>\n\t\t<\/section>\n\t\t\t\t<\/div>","protected":false},"excerpt":{"rendered":"<p>Join Our Exceptional Team Explore Current Opportunities At Family Pharmacy, you\u2019re not just taking a job \u2014 you\u2019re joining a mission. Our team plays a vital role in supporting long-term&hellip;<\/p>","protected":false},"author":1,"featured_media":0,"parent":0,"menu_order":0,"comment_status":"closed","ping_status":"closed","template":"","meta":{"footnotes":""},"class_list":["post-66113","page","type-page","status-publish","hentry"],"_links":{"self":[{"href":"https:\/\/fpcpharmacy.com\/es\/wp-json\/wp\/v2\/pages\/66113","targetHints":{"allow":["GET"]}}],"collection":[{"href":"https:\/\/fpcpharmacy.com\/es\/wp-json\/wp\/v2\/pages"}],"about":[{"href":"https:\/\/fpcpharmacy.com\/es\/wp-json\/wp\/v2\/types\/page"}],"author":[{"embeddable":true,"href":"https:\/\/fpcpharmacy.com\/es\/wp-json\/wp\/v2\/users\/1"}],"replies":[{"embeddable":true,"href":"https:\/\/fpcpharmacy.com\/es\/wp-json\/wp\/v2\/comments?post=66113"}],"version-history":[{"count":13,"href":"https:\/\/fpcpharmacy.com\/es\/wp-json\/wp\/v2\/pages\/66113\/revisions"}],"predecessor-version":[{"id":66285,"href":"https:\/\/fpcpharmacy.com\/es\/wp-json\/wp\/v2\/pages\/66113\/revisions\/66285"}],"wp:attachment":[{"href":"https:\/\/fpcpharmacy.com\/es\/wp-json\/wp\/v2\/media?parent=66113"}],"curies":[{"name":"wp","href":"https:\/\/api.w.org\/{rel}","templated":true}]}}